{"id":11,"date":"2021-03-10T22:29:23","date_gmt":"2021-03-10T19:29:23","guid":{"rendered":"https:\/\/yeni.safakural.com\/?page_id=11"},"modified":"2021-03-10T22:29:23","modified_gmt":"2021-03-10T19:29:23","slug":"haberler","status":"publish","type":"page","link":"https:\/\/www.safakural.com\/index.php\/haberler\/","title":{"rendered":"Haberler"},"content":{"rendered":"\n<p>Son Eklenen Yaz\u0131lar:<\/p>\n\n\n<ul class=\"wp-block-latest-posts__list wp-block-latest-posts\"><li><a class=\"wp-block-latest-posts__post-title\" href=\"https:\/\/www.safakural.com\/index.php\/2025\/08\/04\/prof-dr-ahmed-yuksel-ozemrenin-felsefi-gorusu-uskudarin-son-sirlisi-ahmed-yuksel-ozemre\/\">Prof. Dr. Ahmed Y\u00fcksel \u00d6zemre&#8217;nin Felsefi G\u00f6r\u00fc\u015f\u00fc<\/a><\/li>\n<li><a class=\"wp-block-latest-posts__post-title\" href=\"https:\/\/www.safakural.com\/index.php\/2025\/06\/07\/xiii-mantik-calistay-kitabi-her-yonuyle-elestirel-dusunce\/\">XIII. MANTIK \u00c7ALI\u015eTAY K\u0130TABI HER Y\u00d6N\u00dcYLE ELE\u015eT\u0130REL D\u00dc\u015e\u00dcNCE<\/a><\/li>\n<li><a class=\"wp-block-latest-posts__post-title\" href=\"https:\/\/www.safakural.com\/index.php\/2025\/04\/07\/ural-s-2025-bilim-ve-felsefe-dili-olarak-turkce-fsmvu-5-egitim-arastirmalari-kongresi-bildiri-kitabi-yay-no-57-yayina-hazirlayan-prof-dr-m-sami-adiguzel\/\">Ural, \u015e., (2025), &#8220;Bilim ve Felsefe Dili Olarak T\u00fcrk\u00e7e&#8221;, FSMV\u00dc 5.E\u011fitim Ara\u015ft\u0131rmalar\u0131 Kongresi Bildiri Kitab\u0131 Yay.no 57. Yay\u0131na haz\u0131rlayan Prof.Dr. M. Sami Ad\u0131g\u00fczel.<\/a><\/li>\n<li><a class=\"wp-block-latest-posts__post-title\" href=\"https:\/\/www.safakural.com\/index.php\/2025\/02\/06\/the-islamic-world-and-philosophy-islam-dunyasi-ve-felsefe\/\">\u0130SLAM D\u00dcNYASI VE FELSEFE<\/a><\/li>\n<li><a class=\"wp-block-latest-posts__post-title\" href=\"https:\/\/www.safakural.com\/index.php\/2024\/09\/09\/thomas-kuhn\/\">Bay Thomas<\/a><\/li>\n<\/ul>","protected":false},"excerpt":{"rendered":"<p>Son Eklenen Yaz\u0131lar:<\/p>\n","protected":false},"author":2,"featured_media":0,"parent":0,"menu_order":0,"comment_status":"closed","ping_status":"closed","template":"","meta":{"footnotes":""},"class_list":["post-11","page","type-page","status-publish","hentry"],"_links":{"self":[{"href":"https:\/\/www.safakural.com\/index.php\/wp-json\/wp\/v2\/pages\/11","targetHints":{"allow":["GET"]}}],"collection":[{"href":"https:\/\/www.safakural.com\/index.php\/wp-json\/wp\/v2\/pages"}],"about":[{"href":"https:\/\/www.safakural.com\/index.php\/wp-json\/wp\/v2\/types\/page"}],"author":[{"embeddable":true,"href":"https:\/\/www.safakural.com\/index.php\/wp-json\/wp\/v2\/users\/2"}],"replies":[{"embeddable":true,"href":"https:\/\/www.safakural.com\/index.php\/wp-json\/wp\/v2\/comments?post=11"}],"version-history":[{"count":0,"href":"https:\/\/www.safakural.com\/index.php\/wp-json\/wp\/v2\/pages\/11\/revisions"}],"wp:attachment":[{"href":"https:\/\/www.safakural.com\/index.php\/wp-json\/wp\/v2\/media?parent=11"}],"curies":[{"name":"wp","href":"https:\/\/api.w.org\/{rel}","templated":true}]}}