{"id":14,"date":"2021-03-10T22:33:54","date_gmt":"2021-03-10T19:33:54","guid":{"rendered":"https:\/\/yeni.safakural.com\/?page_id=14"},"modified":"2021-03-10T22:33:54","modified_gmt":"2021-03-10T19:33:54","slug":"ozgecmis","status":"publish","type":"page","link":"https:\/\/www.safakural.com\/index.php\/ozgecmis\/","title":{"rendered":"\u00d6zge\u00e7mi\u015f"},"content":{"rendered":"\n<figure class=\"wp-block-image size-large\"><img fetchpriority=\"high\" decoding=\"async\" width=\"924\" height=\"467\" src=\"https:\/\/yeni.safakural.com\/wp-content\/uploads\/2021\/06\/safak-ural-3.png\" alt=\"Prof. Dr. \u015eafak Ural\" class=\"wp-image-174\" srcset=\"https:\/\/www.safakural.com\/wp-content\/uploads\/2021\/06\/safak-ural-3.png 924w, https:\/\/www.safakural.com\/wp-content\/uploads\/2021\/06\/safak-ural-3-300x152.png 300w, https:\/\/www.safakural.com\/wp-content\/uploads\/2021\/06\/safak-ural-3-768x388.png 768w\" sizes=\"(max-width: 924px) 100vw, 924px\" \/><\/figure>\n\n\n\n<p>\u0130lk ve orta \u00f6\u011frenimini Ankara&#8217;da tamamlad\u0131. 1971 y\u0131l\u0131nda&nbsp;<a href=\"http:\/\/felsefe.humanity.ankara.edu.tr\/\">DTCF Felsefe B\u00f6l\u00fcm\u00fc<\/a>&#8216;nden mezun oldu. 1977 y\u0131l\u0131nda&nbsp;<a href=\"http:\/\/www.istanbul.edu.tr\/\">\u0130stanbul \u00dcniversitesi<\/a>,&nbsp;<a href=\"http:\/\/edebiyat.istanbul.edu.tr\/\">Edebiyat Fak\u00fcltesi<\/a>, Sistematik Felsefe k\u00fcrs\u00fcs\u00fcne asistan olarak atand\u0131. 1978 y\u0131l\u0131nda &#8220;<strong>Pozitif Bilimlerde Basitlik \u0130lkesinin Belirlenmesi Yolunda Bir Deneme<\/strong>&#8221; ba\u015fl\u0131kl\u0131 \u00e7al\u0131\u015fmas\u0131yla Doktor unvan\u0131n\u0131 ald\u0131. 1979-1980 y\u0131llar\u0131nda Viyana \u00dcniversitesi I. Felsefe Enstit\u00fcs\u00fcnde \u00e7al\u0131\u015fmalar yapt\u0131. 1982 y\u0131l\u0131nda \u0130stanbul \u00dcniversitesi Edebiyat Fak\u00fcltesi Sistematik Felsefe ve Mant\u0131k Anabilim Dal\u0131&#8217;na Yard\u0131mc\u0131 Do\u00e7ent olarak atand\u0131. 1983 y\u0131l\u0131nda Do\u00e7ent oldu. 1988 y\u0131l\u0131nda Profes\u00f6r unvan\u0131n\u0131 ald\u0131. \u0130stanbul \u00dcniversitesi Rekt\u00f6r Yard\u0131mc\u0131l\u0131\u011f\u0131 g\u00f6revini 2004-2009 tarihleri aras\u0131nda yapm\u0131\u015ft\u0131r. \u0130stanbul \u00dcniversitesi Edebiyat Fak\u00fcltesi&#8217;nde, kurucusu ve ba\u015fkan\u0131 oldu\u011fu Mant\u0131k Anabilim Dal\u0131&#8217;nda \u00f6\u011fretim \u00fcyesi olarak 2000-2015 y\u0131llar\u0131 aras\u0131nda g\u00f6rev yapm\u0131\u015f;&nbsp;<a href=\"http:\/\/mantik.istanbul.edu.tr\/\">\u0130stanbul \u00dcniversitesi Mant\u0131k Uygulama ve Ara\u015ft\u0131rma Merkezi<\/a>&#8216;ni 2014 y\u0131l\u0131nda kurmu\u015f ve 2015 y\u0131l\u0131na kadar ba\u015fkanl\u0131\u011f\u0131 s\u00fcrd\u00fcrm\u00fc\u015f; 1989-2015 y\u0131llar\u0131 aras\u0131nda&nbsp;<a href=\"http:\/\/felsefe.istanbul.edu.tr\/\">Felsefe B\u00f6l\u00fcm\u00fc<\/a>&nbsp;ba\u015fkanl\u0131\u011f\u0131n\u0131 y\u00fcr\u00fctm\u00fc\u015ft\u00fcr. 16 Aral\u0131k 2014 tarihinde&nbsp;<a href=\"http:\/\/mantik.org.tr\/\">Mant\u0131k Uygulama Derne\u011fi<\/a>&#8216;nin kurucu y\u00f6netim kurulu ba\u015fkan\u0131 olmu\u015f ve 12 Ocak 2015 tarihinden&nbsp;<a href=\"http:\/\/mantik.org.tr\/\">Mant\u0131k Derne\u011fi<\/a>&nbsp;ilk ba\u015fkan\u0131 olarak se\u00e7ilmi\u015ftir. 2012 y\u0131l\u0131ndan beridir&nbsp;<a href=\"http:\/\/calistay.mantik.org.tr\/\">Mant\u0131k \u00c7al\u0131\u015ftay\u0131<\/a>&#8216;n\u0131, 2014&#8217;ten beridir&nbsp;<a href=\"http:\/\/fezagurseyyazokullari.boun.edu.tr\/?q=Mantik\">Mant\u0131k Yaz Okulu<\/a>&#8216;nu d\u00fczenlemektedir.<\/p>\n\n\n\n<h2 class=\"wp-block-heading\">\u00c7al\u0131\u015fma Alanlar\u0131<\/h2>\n\n\n\n<ul class=\"wp-block-list\">\n<li>Bilim Tarihi I-II-III, K\u0131rkanbar yay. 1996 (Bu kitap, 1994 y\u0131l\u0131nda A\u011fa\u00e7 Yay\u0131nlar\u0131 taraf\u0131ndan Bilim Tarihi I, Bilim Tarihi II ve Bilim Tarihi III olmak \u00fczere \u00fc\u00e7 ayr\u0131 kitap olarak bas\u0131lm\u0131\u015ft\u0131r.) Bu \u00e7al\u0131\u015fma T\u00fcrkiye&#8217;de ilk kez felsefenin ve bilimin tarihsel geli\u015fiminin birlikte incelenmesini ve aralar\u0131ndaki etkile\u015fimin g\u00f6sterilmesini kapsamaktad\u0131r. Bu tarz bir yakla\u015f\u0131ma Bat\u0131 dillerinde de pek s\u0131k rastlan\u0131lmamaktad\u0131r.<\/li>\n\n\n\n<li>Prof. Dr. \u015eafak Ural&#8217;\u0131n ,Viyana \u00dcniversitesi \u00f6\u011fretim \u00fcyelerinden Prof. Dr. Erhand Oeser ile birlikte kurdu\u011fu &#8220;\u0130stanbul-Viyana Felsefe \u00c7evresi \u00e7al\u0131\u015fma grubu ilk toplant\u0131s\u0131n\u0131 1991, ikincisini 1994, \u00fc\u00e7\u00fcnc\u00fcs\u00fcn\u00fc 1996, d\u00f6rd\u00fcnc\u00fcs\u00fcn\u00fc ise 1998 y\u0131l\u0131nda \u0130stanbul&#8217;da yapm\u0131\u015ft\u0131r. Bu toplant\u0131lara bug\u00fcne kadar, Viyana&#8217;dan Amerika&#8217;dan ve T\u00fcrkiye&#8217;den \u00e7e\u015fitli disiplinlerden toplam olarak 15 \u00f6\u011fretim \u00fcyesi kat\u0131lm\u0131\u015ft\u0131r. Yap\u0131lan toplant\u0131lar kitap olarak yay\u0131nlanmaktad\u0131r. \u00c7evre, be\u015finci toplant\u0131s\u0131n\u0131 2000 y\u0131l\u0131nda &#8220;Zaman&#8221; konusunda yapm\u0131\u015ft\u0131r. Bu toplant\u0131ya \u0130T\u00dc, Viyana \u00dcniversitesi, ABD ve Almanya&#8217;dan felsefeci, fizik ve biyoloji ba\u015fta olmak \u00e7e\u015fitli disiplinlerden \u00f6\u011fretim \u00fcyeleri kat\u0131lm\u0131\u015ft\u0131r.<\/li>\n\n\n\n<li>Prof. Dr. \u015eafak Ural, Felsefe Arkivi ba\u015fta olmak \u00fczere \u00e7e\u015fitli dergilerde, de\u011fi\u015fik mant\u0131k konular\u0131n\u0131 ilk kez T\u00fcrk\u00e7e&#8217;de yay\u0131nlam\u0131\u015ft\u0131r.<\/li>\n\n\n\n<li>Yurti\u00e7inde bug\u00fcne kadar Marmara \u00dcniversitesi, Mimar Sinan \u00dcniversitesi ve \u0130stanbul Teknik \u00dcniversitesi&#8217;nde ve \u0130stanbul \u00dcniversitesi&#8217;nin \u00e7e\u015fitli Fak\u00fcltelerinde (Fen Fak\u00fcltesi, \u0130ktisat Fak\u00fcltesi ve T\u0131p Fak\u00fcltesi) yakla\u015f\u0131k 25 y\u0131ldan beri Mant\u0131k ve Bilim Felsefesi derslerini vermektedir. Yurtd\u0131\u015f\u0131nda Viyana, Budape\u015fte ve ABD&#8217;de misafir \u00f6\u011fretim \u00fcyesi olarak bulunmu\u015f, yine bilim felsefesi ve mant\u0131k konular\u0131nda konu\u015fmalar yapm\u0131\u015ft\u0131r.<\/li>\n<\/ul>\n\n\n\n<h2 class=\"wp-block-heading\">\u00dcyelikleri<\/h2>\n\n\n\n<ol class=\"wp-block-list\">\n<li>Academia Brasileira De Filosofia<\/li>\n\n\n\n<li>Mant\u0131k Derne\u011fi<\/li>\n\n\n\n<li>Kutadgubilig Hakem Kurulu<\/li>\n\n\n\n<li>T\u00fcrk Felsefe Derne\u011fi<\/li>\n<\/ol>\n\n\n\n<h2 class=\"wp-block-heading\">\u00d6d\u00fclleri<\/h2>\n\n\n\n<ol class=\"wp-block-list\">\n<li>Prof. Dr. M\u00fcmtaz Turhan Sosyal Bilimler Lisesi \u00f6\u011frencileri ve \u00f6\u011fretmenlerinden olu\u015fan j\u00fcri taraf\u0131ndan y\u0131l\u0131n felsefecisi se\u00e7ildi. (2009)<\/li>\n<\/ol>\n\n\n\n<h2 class=\"wp-block-heading\">Y\u00f6netti\u011fi Lisans\u00fcst\u00fc Tezler<\/h2>\n\n\n\n<h3 class=\"wp-block-heading\">Y\u00fcksek Lisans<\/h3>\n\n\n\n<ol class=\"wp-block-list\">\n<li>[1989] Cemil G\u00fczey: \u00c7ok-de\u011ferli Mant\u0131k<\/li>\n\n\n\n<li>[1994] Sanem Yaz\u0131c\u0131o\u011flu: Bilimsel Y\u00f6ntem<\/li>\n\n\n\n<li>[1999] Rabia Ebrar Ak\u0131nc\u0131: Mitolojinin Bireysel ve Toplumsal De\u011ferlerle \u0130li\u015fkisi<\/li>\n\n\n\n<li>[1999] Rifat Salto\u011flu: Yeni\u00e7a\u011f&#8217;da Bilim ve Felsefe \u0130li\u015fkisi<\/li>\n\n\n\n<li>[2001] Y\u00fccel Y\u00fcksel: Ba\u011f\u0131nt\u0131 Kavram\u0131n\u0131n Mant\u0131k ve Felsefe A\u00e7\u0131s\u0131ndan \u0130ncelenmesi<\/li>\n\n\n\n<li>[2009] Vedat Kamer: Yapay Zek\u00e2 ve Monoton-olmayan Mant\u0131k<\/li>\n\n\n\n<li>[2009] Erden Miray Yazgan: Eski \u00c7in Felsefesi ve Mant\u0131k Anlay\u0131\u015f\u0131<\/li>\n\n\n\n<li>[2010] Semra U\u00e7ar: Kaos Teorisi&#8217;nin Felsefi \u00d6zellikleri<\/li>\n\n\n\n<li>[2013] Burcu Malak: Mant\u0131kta Modalite Kavram\u0131 ve Tarih\u00e7esi<\/li>\n<\/ol>\n\n\n\n<h3 class=\"wp-block-heading\">Doktora<\/h3>\n\n\n\n<ol class=\"wp-block-list\">\n<li>[2006] Y\u00fccel Y\u00fcksel: Puslu Mant\u0131k ve Felsefi Arkaplan\u0131<\/li>\n\n\n\n<li>[2006] Nazl\u0131 \u0130n\u00f6n\u00fc: Yeni Bir \u00c7\u0131kar\u0131m T\u00fcr\u00fc: Geri\u00e7\u0131kar\u0131m<\/li>\n\n\n\n<li>[2012] \u00d6zg\u00fc\u00e7 G\u00fcven: Kant, Bolzano ve Frege&#8217;de Yarg\u0131lar\u0131n Temellendirilmesi ve A priorilik Sorunu<\/li>\n\n\n\n<li>[2014] Semra U\u00e7ar: Newton Fizi\u011fi ve G\u00f6relilik Fizi\u011finde Zaman ve Mek\u00e2n Kavramlar\u0131n\u0131n Reichenbach&#8217;\u0131n Epistemolojisi \u00c7er\u00e7evesinde Yorumlanmas\u0131<\/li>\n\n\n\n<li>[2014] Vedat Kamer: \u0130nformel Mant\u0131k A\u00e7\u0131s\u0131ndan &#8216;Ak\u0131ly\u00fcr\u00fctme&#8217; Kavram\u0131 \u00dczerine Bir Ara\u015ft\u0131rma<\/li>\n<\/ol>\n","protected":false},"excerpt":{"rendered":"<p>\u0130lk ve orta \u00f6\u011frenimini Ankara&#8217;da tamamlad\u0131. 1971 y\u0131l\u0131nda&nbsp;DTCF Felsefe B\u00f6l\u00fcm\u00fc&#8216;nden mezun oldu. 1977 y\u0131l\u0131nda&nbsp;\u0130stanbul \u00dcniversitesi,&nbsp;Edebiyat Fak\u00fcltesi, Sistematik Felsefe k\u00fcrs\u00fcs\u00fcne asistan olarak atand\u0131. 1978 y\u0131l\u0131nda &#8220;Pozitif Bilimlerde Basitlik \u0130lkesinin Belirlenmesi Yolunda Bir Deneme&#8221; ba\u015fl\u0131kl\u0131 \u00e7al\u0131\u015fmas\u0131yla Doktor unvan\u0131n\u0131 ald\u0131. 1979-1980 y\u0131llar\u0131nda Viyana \u00dcniversitesi I. Felsefe Enstit\u00fcs\u00fcnde \u00e7al\u0131\u015fmalar yapt\u0131. 1982 y\u0131l\u0131nda \u0130stanbul \u00dcniversitesi Edebiyat Fak\u00fcltesi Sistematik Felsefe ve [&hellip;]<\/p>\n","protected":false},"author":2,"featured_media":0,"parent":0,"menu_order":0,"comment_status":"closed","ping_status":"closed","template":"","meta":{"footnotes":""},"class_list":["post-14","page","type-page","status-publish","hentry"],"_links":{"self":[{"href":"https:\/\/www.safakural.com\/index.php\/wp-json\/wp\/v2\/pages\/14","targetHints":{"allow":["GET"]}}],"collection":[{"href":"https:\/\/www.safakural.com\/index.php\/wp-json\/wp\/v2\/pages"}],"about":[{"href":"https:\/\/www.safakural.com\/index.php\/wp-json\/wp\/v2\/types\/page"}],"author":[{"embeddable":true,"href":"https:\/\/www.safakural.com\/index.php\/wp-json\/wp\/v2\/users\/2"}],"replies":[{"embeddable":true,"href":"https:\/\/www.safakural.com\/index.php\/wp-json\/wp\/v2\/comments?post=14"}],"version-history":[{"count":0,"href":"https:\/\/www.safakural.com\/index.php\/wp-json\/wp\/v2\/pages\/14\/revisions"}],"wp:attachment":[{"href":"https:\/\/www.safakural.com\/index.php\/wp-json\/wp\/v2\/media?parent=14"}],"curies":[{"name":"wp","href":"https:\/\/api.w.org\/{rel}","templated":true}]}}