{"id":20,"date":"2021-03-10T22:36:09","date_gmt":"2021-03-10T19:36:09","guid":{"rendered":"https:\/\/yeni.safakural.com\/?page_id=20"},"modified":"2021-03-10T22:36:09","modified_gmt":"2021-03-10T19:36:09","slug":"konusmalar","status":"publish","type":"page","link":"https:\/\/www.safakural.com\/index.php\/konusmalar\/","title":{"rendered":"Konu\u015fmalar"},"content":{"rendered":"\n<p><a href=\"https:\/\/www.trtdinle.com\/show\/felsefeyle-hayat?id=28763023\">https:\/\/www.trtdinle.com\/show\/felsefeyle-hayat?id=28763023<\/a><\/p>\n\n\n\n<div class=\"wp-block-file\"><a id=\"wp-block-file--media-6971ace1-6605-43d7-98e6-acb91bbbab71\" href=\"https:\/\/yeni.safakural.com\/wp-content\/uploads\/2021\/05\/Doc\u0327entlik-Dosyasi.docx\">Doc\u0327entlik-Dosyasi<\/a><a href=\"https:\/\/yeni.safakural.com\/wp-content\/uploads\/2021\/05\/Doc\u0327entlik-Dosyasi.docx\" class=\"wp-block-file__button wp-element-button\" download aria-describedby=\"wp-block-file--media-6971ace1-6605-43d7-98e6-acb91bbbab71\">Download<\/a><\/div>\n\n\n\n<p>Bu metin, Akademik Etik Derne\u011fi taraf\u0131ndan 22 Nisan 2021 tarihinde zoom toplant\u0131s\u0131 olarak \u201cDo\u00e7entlik Dosyas\u0131 De\u011ferlendirme\u201d ba\u015f\u0131l\u0131\u011f\u0131 alt\u0131nda d\u00fczenlenen panelde yap\u0131lan konu\u015fmaya dayan\u0131larak haz\u0131rlanm\u0131\u015ft\u0131r.<\/p>\n\n\n\n<hr class=\"wp-block-separator has-alpha-channel-opacity is-style-wide\"\/>\n\n\n\n<figure class=\"wp-block-embed is-type-video is-provider-youtube wp-block-embed-youtube wp-embed-aspect-16-9 wp-has-aspect-ratio\"><div class=\"wp-block-embed__wrapper\">\n<iframe title=\"\u015eafak Ural&#039;\u0131n Bilime Bak\u0131\u015f\u0131\" width=\"960\" height=\"540\" src=\"https:\/\/www.youtube.com\/embed\/blXqPtKIwZs?feature=oembed\" frameborder=\"0\" allow=\"accelerometer; autoplay; clipboard-write; encrypted-media; gyroscope; picture-in-picture; web-share\" referrerpolicy=\"strict-origin-when-cross-origin\" allowfullscreen><\/iframe>\n<\/div><figcaption class=\"wp-element-caption\">\u015eafak Ural&#8217;\u0131n Bilime Bak\u0131\u015f\u0131 &#8211; Maltepe \u00dcniversitesi Konu\u015fmas\u0131<\/figcaption><\/figure>\n\n\n\n<hr class=\"wp-block-separator has-alpha-channel-opacity is-style-wide\"\/>\n\n\n\n<p><figure class=\"wp-block-embed is-type-video is-provider-youtube wp-block-embed-youtube wp-embed-aspect-16-9 wp-has-aspect-ratio\"><div class=\"wp-block-embed__wrapper\">\n<iframe title=\"Zaman Nedir? - Afif S\u0131dd\u0131ki &amp; \u015eafak Ural\" width=\"960\" height=\"540\" src=\"https:\/\/www.youtube.com\/embed\/-jOvWZtY9uc?feature=oembed\" frameborder=\"0\" allow=\"accelerometer; autoplay; clipboard-write; encrypted-media; gyroscope; picture-in-picture; web-share\" referrerpolicy=\"strict-origin-when-cross-origin\" allowfullscreen><\/iframe>\n<\/div><figcaption class=\"wp-element-caption\">Zaman Nedir?<\/figcaption><\/figure><\/p>\n\n\n\n<hr class=\"wp-block-separator has-alpha-channel-opacity is-style-wide\"\/>\n\n\n\n<p><figure class=\"wp-block-video\"><video controls=\"\" src=\"https:\/\/yeni.safakural.com\/wp-content\/uploads\/2022\/03\/Psikoloji_ve_Felsefe.mp4\"><\/video><figcaption class=\"wp-element-caption\">Psikoloji ve Felsefe<\/figcaption><\/figure><\/p>\n\n\n\n<hr class=\"wp-block-separator has-alpha-channel-opacity is-style-wide\"\/>\n\n\n\n<p><figure class=\"wp-block-video\"><video controls=\"\" src=\"https:\/\/yeni.safakural.com\/wp-content\/uploads\/2022\/02\/BilgiNedir.mp4\"><\/video><figcaption class=\"wp-element-caption\">Bilgi Nedir?<\/figcaption><\/figure><\/p>\n\n\n\n<hr class=\"wp-block-separator has-alpha-channel-opacity is-style-wide\"\/>\n\n\n\n<p><figure class=\"wp-block-embed is-type-video is-provider-youtube wp-block-embed-youtube wp-embed-aspect-16-9 wp-has-aspect-ratio\"><div class=\"wp-block-embed__wrapper\">\n<iframe title=\"Mant\u0131\u011f\u0131 Yeniden D\u00fc\u015f\u00fcnmek\" width=\"960\" height=\"540\" src=\"https:\/\/www.youtube.com\/embed\/qbGSuwQB_Q0?feature=oembed\" frameborder=\"0\" allow=\"accelerometer; autoplay; clipboard-write; encrypted-media; gyroscope; picture-in-picture; web-share\" referrerpolicy=\"strict-origin-when-cross-origin\" allowfullscreen><\/iframe>\n<\/div><figcaption class=\"wp-element-caption\">Mant\u0131\u011f\u0131 Yeniden D\u00fc\u015f\u00fcnmek<\/figcaption><\/figure><\/p>\n\n\n\n<hr class=\"wp-block-separator has-alpha-channel-opacity is-style-wide\"\/>\n\n\n\n<p><figure class=\"wp-block-video\"><video controls=\"\" src=\"https:\/\/yeni.safakural.com\/wp-content\/uploads\/2021\/12\/Safak_Ural-Fizik_ve_Felsefe_Sohbetleri.mp4\"><\/video><figcaption class=\"wp-element-caption\">\u015eafak Ural ile Fizik ve Felsefe Sohbetleri<\/figcaption><\/figure><\/p>\n\n\n\n<hr class=\"wp-block-separator has-alpha-channel-opacity is-style-wide\"\/>\n\n\n\n<p><figure class=\"wp-block-video\"><video controls=\"\" src=\"https:\/\/yeni.safakural.com\/wp-content\/uploads\/2021\/08\/Newton_Oncesi_Bilim_ve_Felsefe.mp4\"><\/video><figcaption class=\"wp-element-caption\">Newton \u00d6ncesi Bilim ve Felsefe Konulu Online Toplant\u0131<\/figcaption><\/figure><\/p>\n\n\n\n<hr class=\"wp-block-separator has-alpha-channel-opacity is-style-wide\"\/>\n\n\n\n<p><figure class=\"wp-block-embed is-type-video is-provider-youtube wp-block-embed-youtube wp-embed-aspect-16-9 wp-has-aspect-ratio\"><div class=\"wp-block-embed__wrapper\">\n<iframe title=\"Bilim, Felsefe, Sanat Yuvarlak Masa Sohbetleri \u0130stinye \u00dcniversitesinin Felsefi Temelleri\" width=\"960\" height=\"540\" src=\"https:\/\/www.youtube.com\/embed\/MxgNZ-awGpo?feature=oembed\" frameborder=\"0\" allow=\"accelerometer; autoplay; clipboard-write; encrypted-media; gyroscope; picture-in-picture; web-share\" referrerpolicy=\"strict-origin-when-cross-origin\" allowfullscreen><\/iframe>\n<\/div><\/figure><\/p>\n\n\n\n<hr class=\"wp-block-separator has-alpha-channel-opacity is-style-wide\"\/>\n\n\n\n<p><figure class=\"wp-block-embed is-type-video is-provider-youtube wp-block-embed-youtube wp-embed-aspect-16-9 wp-has-aspect-ratio\"><div class=\"wp-block-embed__wrapper\">\n<iframe title=\"D\u00fcnya Mant\u0131k G\u00fcn\u00fc (2021)\" width=\"960\" height=\"540\" src=\"https:\/\/www.youtube.com\/embed\/qeP1VumidjU?feature=oembed\" frameborder=\"0\" allow=\"accelerometer; autoplay; clipboard-write; encrypted-media; gyroscope; picture-in-picture; web-share\" referrerpolicy=\"strict-origin-when-cross-origin\" allowfullscreen><\/iframe>\n<\/div><figcaption class=\"wp-element-caption\">D\u00fcnya Mant\u0131k G\u00fcn\u00fc &#8211; 2021<\/figcaption><\/figure><\/p>\n\n\n\n<figure class=\"wp-block-embed is-type-video is-provider-youtube wp-block-embed-youtube wp-embed-aspect-16-9 wp-has-aspect-ratio\"><div class=\"wp-block-embed__wrapper\">\n<iframe title=\"\u00dcniversitenin \u0130\u015flevi, \u015eafak Ural\" width=\"960\" height=\"540\" src=\"https:\/\/www.youtube.com\/embed\/4bq6TnMmQEw?feature=oembed\" frameborder=\"0\" allow=\"accelerometer; autoplay; clipboard-write; encrypted-media; gyroscope; picture-in-picture; web-share\" referrerpolicy=\"strict-origin-when-cross-origin\" allowfullscreen><\/iframe>\n<\/div><figcaption class=\"wp-element-caption\">\u00dcniversitenin \u0130\u015flevi<\/figcaption><\/figure>\n\n\n\n<figure class=\"wp-block-embed is-type-video is-provider-youtube wp-block-embed-youtube wp-embed-aspect-16-9 wp-has-aspect-ratio\"><div class=\"wp-block-embed__wrapper\">\n<iframe title=\"Ay\u015fe Sucu ile \u0130nsana Dair 52.B\u00f6l\u00fcm - Prof. Dr. \u015eafak Ural\" width=\"960\" height=\"540\" src=\"https:\/\/www.youtube.com\/embed\/RDpIWeoUmw8?feature=oembed\" frameborder=\"0\" allow=\"accelerometer; autoplay; clipboard-write; encrypted-media; gyroscope; picture-in-picture; web-share\" referrerpolicy=\"strict-origin-when-cross-origin\" allowfullscreen><\/iframe>\n<\/div><figcaption class=\"wp-element-caption\">Ay\u015fe Sucu ile \u0130nsana Dair 52.B\u00f6l\u00fcm &#8211; Prof. Dr. \u015eafak Ural<\/figcaption><\/figure>\n\n\n\n<figure class=\"wp-block-embed is-type-video is-provider-youtube wp-block-embed-youtube wp-embed-aspect-16-9 wp-has-aspect-ratio\"><div class=\"wp-block-embed__wrapper\">\nhttps:\/\/www.youtube.com\/watch?v=tzhn82L5McU&#038;t=2492s\n<\/div><figcaption class=\"wp-element-caption\">ELE\u015eT\u0130REL D\u00dc\u015e\u00dcNCE &amp; FELSEFE |&nbsp;<a href=\"https:\/\/www.youtube.com\/hashtag\/insahaya\">#\u0130NSAHAYA<\/a>&nbsp;2\/2<\/figcaption><\/figure>\n\n\n\n<figure class=\"wp-block-embed is-type-video is-provider-youtube wp-block-embed-youtube wp-embed-aspect-16-9 wp-has-aspect-ratio\"><div class=\"wp-block-embed__wrapper\">\n<iframe title=\"Felsefe ve Mant\u0131k A\u00e7\u0131s\u0131ndan Post-Truth -Prof. Dr. \u015eafak URAL- 04.12.2021\" width=\"960\" height=\"540\" src=\"https:\/\/www.youtube.com\/embed\/Bd9xxVF775o?feature=oembed\" frameborder=\"0\" allow=\"accelerometer; autoplay; clipboard-write; encrypted-media; gyroscope; picture-in-picture; web-share\" referrerpolicy=\"strict-origin-when-cross-origin\" allowfullscreen><\/iframe>\n<\/div><figcaption class=\"wp-element-caption\">Felsefe ve Mant\u0131k A\u00e7\u0131s\u0131ndan Post-Truth -Prof. Dr. \u015eafak URAL- 04.12.2021<\/figcaption><\/figure>\n\n\n\n<figure class=\"wp-block-audio\"><audio controls src=\"https:\/\/crom.safakural.com\/wp-content\/uploads\/2023\/04\/s.demirel-univ.I.konusma.mp3\"><\/audio><figcaption class=\"wp-element-caption\">S\u00fcleyman Demirel \u00dcniversitesi Konu\u015fma<\/figcaption><\/figure>\n\n\n\n<figure class=\"wp-block-embed is-type-video is-provider-youtube wp-block-embed-youtube wp-embed-aspect-16-9 wp-has-aspect-ratio\"><div class=\"wp-block-embed__wrapper\">\n<iframe title=\"B\u0130L\u0130M, B\u0130L\u0130MSEL D\u00dc\u015e\u00dcNCE VE B\u0130L\u0130MSEL Y\u00d6NTEM KONFERANSI PROF. DR. \u015eAFAK URAL\" width=\"960\" height=\"540\" src=\"https:\/\/www.youtube.com\/embed\/MFB4-ZChZ2A?feature=oembed\" frameborder=\"0\" allow=\"accelerometer; autoplay; clipboard-write; encrypted-media; gyroscope; picture-in-picture; web-share\" referrerpolicy=\"strict-origin-when-cross-origin\" allowfullscreen><\/iframe>\n<\/div><figcaption class=\"wp-element-caption\">&#8220;B\u0130L\u0130M, B\u0130L\u0130MSEL D\u00dc\u015e\u00dcNCE VE B\u0130L\u0130MSEL Y\u00d6NTEM KONFERANSI PROF. DR. \u015eAFAK URAL&#8221;<\/figcaption><\/figure>\n","protected":false},"excerpt":{"rendered":"<p>https:\/\/www.trtdinle.com\/show\/felsefeyle-hayat?id=28763023 Bu metin, Akademik Etik Derne\u011fi taraf\u0131ndan 22 Nisan 2021 tarihinde zoom toplant\u0131s\u0131 olarak \u201cDo\u00e7entlik Dosyas\u0131 De\u011ferlendirme\u201d ba\u015f\u0131l\u0131\u011f\u0131 alt\u0131nda d\u00fczenlenen panelde yap\u0131lan konu\u015fmaya dayan\u0131larak haz\u0131rlanm\u0131\u015ft\u0131r. Zaman Nedir? Psikoloji ve Felsefe Bilgi Nedir? Mant\u0131\u011f\u0131 Yeniden D\u00fc\u015f\u00fcnmek \u015eafak Ural ile Fizik ve Felsefe Sohbetleri Newton \u00d6ncesi Bilim ve Felsefe Konulu Online Toplant\u0131 D\u00fcnya Mant\u0131k G\u00fcn\u00fc &#8211; 2021<\/p>\n","protected":false},"author":1,"featured_media":0,"parent":0,"menu_order":0,"comment_status":"closed","ping_status":"closed","template":"","meta":{"footnotes":""},"class_list":["post-20","page","type-page","status-publish","hentry"],"_links":{"self":[{"href":"https:\/\/www.safakural.com\/index.php\/wp-json\/wp\/v2\/pages\/20","targetHints":{"allow":["GET"]}}],"collection":[{"href":"https:\/\/www.safakural.com\/index.php\/wp-json\/wp\/v2\/pages"}],"about":[{"href":"https:\/\/www.safakural.com\/index.php\/wp-json\/wp\/v2\/types\/page"}],"author":[{"embeddable":true,"href":"https:\/\/www.safakural.com\/index.php\/wp-json\/wp\/v2\/users\/1"}],"replies":[{"embeddable":true,"href":"https:\/\/www.safakural.com\/index.php\/wp-json\/wp\/v2\/comments?post=20"}],"version-history":[{"count":0,"href":"https:\/\/www.safakural.com\/index.php\/wp-json\/wp\/v2\/pages\/20\/revisions"}],"wp:attachment":[{"href":"https:\/\/www.safakural.com\/index.php\/wp-json\/wp\/v2\/media?parent=20"}],"curies":[{"name":"wp","href":"https:\/\/api.w.org\/{rel}","templated":true}]}}