{"id":26,"date":"2021-03-10T22:37:11","date_gmt":"2021-03-10T19:37:11","guid":{"rendered":"https:\/\/yeni.safakural.com\/?page_id=26"},"modified":"2021-03-10T22:37:11","modified_gmt":"2021-03-10T19:37:11","slug":"videolar","status":"publish","type":"page","link":"https:\/\/www.safakural.com\/index.php\/videolar\/","title":{"rendered":"Videolar"},"content":{"rendered":"\n<figure class=\"wp-block-embed is-type-video is-provider-youtube wp-block-embed-youtube wp-embed-aspect-16-9 wp-has-aspect-ratio\"><div class=\"wp-block-embed__wrapper\">\n<iframe title=\"20260112 MANTIK\" width=\"960\" height=\"540\" src=\"https:\/\/www.youtube.com\/embed\/Zpoi4PY_kJU?feature=oembed\" frameborder=\"0\" allow=\"accelerometer; autoplay; clipboard-write; encrypted-media; gyroscope; picture-in-picture; web-share\" referrerpolicy=\"strict-origin-when-cross-origin\" allowfullscreen><\/iframe>\n<\/div><\/figure>\n\n\n\n<figure class=\"wp-block-embed is-type-video is-provider-youtube wp-block-embed-youtube wp-embed-aspect-16-9 wp-has-aspect-ratio\"><div class=\"wp-block-embed__wrapper\">\n<iframe title=\"223- POZ\u0130T\u0130V\u0130ZM METAF\u0130Z\u0130\u011e\u0130 ORTADAN KALDIRAB\u0130LD\u0130 M\u0130?, \u015eafak Ural, Nazif Muhtaro\u011flu\" width=\"960\" height=\"540\" src=\"https:\/\/www.youtube.com\/embed\/So0jefHmh4s?feature=oembed\" frameborder=\"0\" allow=\"accelerometer; autoplay; clipboard-write; encrypted-media; gyroscope; picture-in-picture; web-share\" referrerpolicy=\"strict-origin-when-cross-origin\" allowfullscreen><\/iframe>\n<\/div><\/figure>\n\n\n\n<figure class=\"wp-block-embed is-type-video is-provider-youtube wp-block-embed-youtube wp-embed-aspect-16-9 wp-has-aspect-ratio\"><div class=\"wp-block-embed__wrapper\">\n<iframe title=\"20251120 FELSEFE SOYLESI REVIZE\" width=\"960\" height=\"540\" src=\"https:\/\/www.youtube.com\/embed\/8mW6MmWQIT0?feature=oembed\" frameborder=\"0\" allow=\"accelerometer; autoplay; clipboard-write; encrypted-media; gyroscope; picture-in-picture; web-share\" referrerpolicy=\"strict-origin-when-cross-origin\" allowfullscreen><\/iframe>\n<\/div><\/figure>\n\n\n\n<figure class=\"wp-block-embed is-type-video is-provider-youtube wp-block-embed-youtube wp-embed-aspect-16-9 wp-has-aspect-ratio\"><div class=\"wp-block-embed__wrapper\">\n<iframe title=\"\u015eafak Ural - Felsefe Sanat m\u0131d\u0131r?\" width=\"960\" height=\"540\" src=\"https:\/\/www.youtube.com\/embed\/vVQDp7Z-M48?feature=oembed\" frameborder=\"0\" allow=\"accelerometer; autoplay; clipboard-write; encrypted-media; gyroscope; picture-in-picture; web-share\" referrerpolicy=\"strict-origin-when-cross-origin\" allowfullscreen><\/iframe>\n<\/div><\/figure>\n\n\n\n<figure class=\"wp-block-embed is-type-video is-provider-youtube wp-block-embed-youtube wp-embed-aspect-16-9 wp-has-aspect-ratio\"><div class=\"wp-block-embed__wrapper\">\n<iframe title=\"Pratik Bilgelik Canl\u0131 Yay\u0131n_\u015eafak Ural\" width=\"960\" height=\"540\" src=\"https:\/\/www.youtube.com\/embed\/n7qYjSeNEgw?feature=oembed\" frameborder=\"0\" allow=\"accelerometer; autoplay; clipboard-write; encrypted-media; gyroscope; picture-in-picture; web-share\" referrerpolicy=\"strict-origin-when-cross-origin\" allowfullscreen><\/iframe>\n<\/div><\/figure>\n\n\n\n<figure class=\"wp-block-embed is-type-video is-provider-youtube wp-block-embed-youtube wp-embed-aspect-16-9 wp-has-aspect-ratio\"><div class=\"wp-block-embed__wrapper\">\n<iframe title=\"Starlings making the shape of a bird\" width=\"960\" height=\"540\" src=\"https:\/\/www.youtube.com\/embed\/L_u4IcRy2dw?feature=oembed\" frameborder=\"0\" allow=\"accelerometer; autoplay; clipboard-write; encrypted-media; gyroscope; picture-in-picture; web-share\" referrerpolicy=\"strict-origin-when-cross-origin\" allowfullscreen><\/iframe>\n<\/div><\/figure>\n\n\n\n<figure class=\"wp-block-embed is-type-video is-provider-youtube wp-block-embed-youtube wp-embed-aspect-16-9 wp-has-aspect-ratio\"><div class=\"wp-block-embed__wrapper\">\n<iframe title=\"Prof. Dr. \u015eafak URAL\" width=\"960\" height=\"540\" src=\"https:\/\/www.youtube.com\/embed\/XEmF_FL4G8Q?feature=oembed\" frameborder=\"0\" allow=\"accelerometer; autoplay; clipboard-write; encrypted-media; gyroscope; picture-in-picture; web-share\" referrerpolicy=\"strict-origin-when-cross-origin\" allowfullscreen><\/iframe>\n<\/div><\/figure>\n\n\n\n<figure class=\"wp-block-embed is-type-video is-provider-youtube wp-block-embed-youtube wp-embed-aspect-16-9 wp-has-aspect-ratio\"><div class=\"wp-block-embed__wrapper\">\n<iframe title=\"Bilim ve Din \u00c7at\u0131\u015f\u0131r m\u0131 | Prof. Dr. \u015eafak Ural | Felsefe Sohbetleri\" width=\"960\" height=\"540\" src=\"https:\/\/www.youtube.com\/embed\/3cqASF1P4P8?feature=oembed\" frameborder=\"0\" allow=\"accelerometer; autoplay; clipboard-write; encrypted-media; gyroscope; picture-in-picture; web-share\" referrerpolicy=\"strict-origin-when-cross-origin\" allowfullscreen><\/iframe>\n<\/div><\/figure>\n\n\n\n<figure class=\"wp-block-embed is-type-video is-provider-youtube wp-block-embed-youtube wp-embed-aspect-16-9 wp-has-aspect-ratio\"><div class=\"wp-block-embed__wrapper\">\n<iframe title=\"Mant\u0131k Nedir | Prof. Dr. \u015eafak Ural | Felsefe Sohbetleri\" width=\"960\" height=\"540\" src=\"https:\/\/www.youtube.com\/embed\/gndDuyvjlHQ?feature=oembed\" frameborder=\"0\" allow=\"accelerometer; autoplay; clipboard-write; encrypted-media; gyroscope; picture-in-picture; web-share\" referrerpolicy=\"strict-origin-when-cross-origin\" allowfullscreen><\/iframe>\n<\/div><\/figure>\n\n\n\n<figure class=\"wp-block-embed is-type-video is-provider-youtube wp-block-embed-youtube wp-embed-aspect-16-9 wp-has-aspect-ratio\"><div class=\"wp-block-embed__wrapper\">\n<iframe title=\"Felsefe&#039;nin Bilimdeki Yeri | Prof. Dr. \u015eafak Ural | Felsefe Sohbetleri\" width=\"960\" height=\"540\" src=\"https:\/\/www.youtube.com\/embed\/93K5CEaxFJY?feature=oembed\" frameborder=\"0\" allow=\"accelerometer; autoplay; clipboard-write; encrypted-media; gyroscope; picture-in-picture; web-share\" referrerpolicy=\"strict-origin-when-cross-origin\" allowfullscreen><\/iframe>\n<\/div><\/figure>\n\n\n\n<figure class=\"wp-block-embed is-type-video is-provider-youtube wp-block-embed-youtube wp-embed-aspect-4-3 wp-has-aspect-ratio\"><div class=\"wp-block-embed__wrapper\">\n<iframe title=\"Prof. Dr. \u015eafak Ural&#039;a Sayg\u0131 Toplant\u0131s\u0131\" width=\"960\" height=\"720\" src=\"https:\/\/www.youtube.com\/embed\/zltRWeJBvjg?feature=oembed\" frameborder=\"0\" allow=\"accelerometer; autoplay; clipboard-write; encrypted-media; gyroscope; picture-in-picture; web-share\" referrerpolicy=\"strict-origin-when-cross-origin\" allowfullscreen><\/iframe>\n<\/div><\/figure>\n\n\n\n<figure class=\"wp-block-embed is-type-video is-provider-youtube wp-block-embed-youtube wp-embed-aspect-16-9 wp-has-aspect-ratio\"><div class=\"wp-block-embed__wrapper\">\n<iframe title=\"B\u0130L\u0130M FELSEFES\u0130: FELSEFE B\u0130L\u0130MS\u0130Z, B\u0130L\u0130M FELSEFES\u0130Z OLUR MU? ||| PROF. DR. \u015eAFAK URAL\" width=\"960\" height=\"540\" src=\"https:\/\/www.youtube.com\/embed\/m-Xxhlafq24?feature=oembed\" frameborder=\"0\" allow=\"accelerometer; autoplay; clipboard-write; encrypted-media; gyroscope; picture-in-picture; web-share\" referrerpolicy=\"strict-origin-when-cross-origin\" allowfullscreen><\/iframe>\n<\/div><\/figure>\n\n\n\n<figure class=\"wp-block-embed is-type-video is-provider-youtube wp-block-embed-youtube wp-embed-aspect-16-9 wp-has-aspect-ratio\"><div class=\"wp-block-embed__wrapper\">\n<iframe title=\"MODERN MANTIK | MODERN MANTI\u011eA G\u0130R\u0130\u015e | Prof. Dr. \u015eafak Ural\" width=\"960\" height=\"540\" src=\"https:\/\/www.youtube.com\/embed\/nmFIn8hlIwc?feature=oembed\" frameborder=\"0\" allow=\"accelerometer; autoplay; clipboard-write; encrypted-media; gyroscope; picture-in-picture; web-share\" referrerpolicy=\"strict-origin-when-cross-origin\" allowfullscreen><\/iframe>\n<\/div><\/figure>\n\n\n\n<figure class=\"wp-block-embed is-type-video is-provider-youtube wp-block-embed-youtube wp-embed-aspect-16-9 wp-has-aspect-ratio\"><div class=\"wp-block-embed__wrapper\">\n<iframe title=\"Felsefe ve Mant\u0131k A\u00e7\u0131s\u0131ndan Post-Truth -Prof. Dr. \u015eafak URAL- 04.12.2021\" width=\"960\" height=\"540\" src=\"https:\/\/www.youtube.com\/embed\/Bd9xxVF775o?feature=oembed\" frameborder=\"0\" allow=\"accelerometer; autoplay; clipboard-write; encrypted-media; gyroscope; picture-in-picture; web-share\" referrerpolicy=\"strict-origin-when-cross-origin\" allowfullscreen><\/iframe>\n<\/div><\/figure>\n\n\n\n<figure class=\"wp-block-embed is-type-video is-provider-youtube wp-block-embed-youtube wp-embed-aspect-16-9 wp-has-aspect-ratio\"><div class=\"wp-block-embed__wrapper\">\n<iframe title=\"\u00c7ok De\u011ferli Mant\u0131k (Prof. Dr. \u015eafak Ural)\" width=\"960\" height=\"540\" src=\"https:\/\/www.youtube.com\/embed\/TPEdCBfl6oQ?feature=oembed\" frameborder=\"0\" allow=\"accelerometer; autoplay; clipboard-write; encrypted-media; gyroscope; picture-in-picture; web-share\" referrerpolicy=\"strict-origin-when-cross-origin\" allowfullscreen><\/iframe>\n<\/div><\/figure>\n\n\n\n<figure class=\"wp-block-embed is-type-video is-provider-youtube wp-block-embed-youtube wp-embed-aspect-16-9 wp-has-aspect-ratio\"><div class=\"wp-block-embed__wrapper\">\n<iframe title=\"III. Mant\u0131k \u00c7al\u0131\u015ftay\u0131: Prof. Dr. \u015eafak Ural - Solipsizm (1)\" width=\"960\" height=\"540\" src=\"https:\/\/www.youtube.com\/embed\/qJZ4k7UydQM?feature=oembed\" frameborder=\"0\" allow=\"accelerometer; autoplay; clipboard-write; encrypted-media; gyroscope; picture-in-picture; web-share\" referrerpolicy=\"strict-origin-when-cross-origin\" allowfullscreen><\/iframe>\n<\/div><\/figure>\n\n\n\n<figure class=\"wp-block-embed is-type-video is-provider-youtube wp-block-embed-youtube wp-embed-aspect-16-9 wp-has-aspect-ratio\"><div class=\"wp-block-embed__wrapper\">\n<iframe title=\"B\u0130L\u0130M, B\u0130L\u0130MSEL D\u00dc\u015e\u00dcNCE VE B\u0130L\u0130MSEL Y\u00d6NTEM KONFERANSI PROF. DR. \u015eAFAK URAL\" width=\"960\" height=\"540\" src=\"https:\/\/www.youtube.com\/embed\/MFB4-ZChZ2A?feature=oembed\" frameborder=\"0\" allow=\"accelerometer; autoplay; clipboard-write; encrypted-media; gyroscope; picture-in-picture; web-share\" referrerpolicy=\"strict-origin-when-cross-origin\" allowfullscreen><\/iframe>\n<\/div><\/figure>\n\n\n\n<figure class=\"wp-block-embed is-type-video is-provider-youtube wp-block-embed-youtube wp-embed-aspect-16-9 wp-has-aspect-ratio\"><div class=\"wp-block-embed__wrapper\">\n<iframe title=\"Prof.Dr. \u015eafak Ural &quot;Bilim ve Felsefenin Ortak Tarihi&quot;-1\" width=\"960\" height=\"540\" src=\"https:\/\/www.youtube.com\/embed\/5UfuI0Mm7h4?feature=oembed\" frameborder=\"0\" allow=\"accelerometer; autoplay; clipboard-write; encrypted-media; gyroscope; picture-in-picture; web-share\" referrerpolicy=\"strict-origin-when-cross-origin\" allowfullscreen><\/iframe>\n<\/div><\/figure>\n\n\n\n<figure class=\"wp-block-embed is-type-video is-provider-youtube wp-block-embed-youtube wp-embed-aspect-4-3 wp-has-aspect-ratio\"><div class=\"wp-block-embed__wrapper\">\n<iframe title=\"IV. Mant\u0131k \u00c7al\u0131\u015ftay\u0131: Prof. Dr. \u015eafak Ural - Ural Mekanlar\u0131 ve \u00d6zde\u015flik (1\/3)\" width=\"960\" height=\"720\" src=\"https:\/\/www.youtube.com\/embed\/4QQGnDm0K-c?feature=oembed\" frameborder=\"0\" allow=\"accelerometer; autoplay; clipboard-write; encrypted-media; gyroscope; picture-in-picture; web-share\" referrerpolicy=\"strict-origin-when-cross-origin\" allowfullscreen><\/iframe>\n<\/div><\/figure>\n\n\n\n<figure class=\"wp-block-embed is-type-video is-provider-youtube wp-block-embed-youtube wp-embed-aspect-16-9 wp-has-aspect-ratio\"><div class=\"wp-block-embed__wrapper\">\n<iframe title=\"II. Mant\u0131k \u00c7al\u0131\u015ftay\u0131: Prof. Dr. \u015eafak Ural &amp; Do\u00e7. Dr. B\u00fclent G\u00f6zk\u00e2n\" width=\"960\" height=\"540\" src=\"https:\/\/www.youtube.com\/embed\/QHL-4q2nc5s?feature=oembed\" frameborder=\"0\" allow=\"accelerometer; autoplay; clipboard-write; encrypted-media; gyroscope; picture-in-picture; web-share\" referrerpolicy=\"strict-origin-when-cross-origin\" allowfullscreen><\/iframe>\n<\/div><\/figure>\n\n\n\n<figure class=\"wp-block-embed is-type-video is-provider-youtube wp-block-embed-youtube wp-embed-aspect-16-9 wp-has-aspect-ratio\"><div class=\"wp-block-embed__wrapper\">\n<iframe title=\"Prof.Dr. \u015eAFAK URAL B\u0130AD FELSEFE SEM\u0130NER\u0130 B\u00d6L\u00dcM 01\" width=\"960\" height=\"540\" src=\"https:\/\/www.youtube.com\/embed\/A8D5A2JW05s?feature=oembed\" frameborder=\"0\" allow=\"accelerometer; autoplay; clipboard-write; encrypted-media; gyroscope; picture-in-picture; web-share\" referrerpolicy=\"strict-origin-when-cross-origin\" allowfullscreen><\/iframe>\n<\/div><\/figure>\n\n\n\n<figure class=\"wp-block-embed is-type-video is-provider-youtube wp-block-embed-youtube wp-embed-aspect-16-9 wp-has-aspect-ratio\"><div class=\"wp-block-embed__wrapper\">\n<iframe title=\"Felsefe Konu\u015fmalar\u0131 - Felsefe \u00d6ld\u00fc M\u00fc? \/ \u015eafak Ural &amp; Cihan Camc\u0131\" width=\"960\" height=\"540\" src=\"https:\/\/www.youtube.com\/embed\/S7WvgiCPqr4?feature=oembed\" frameborder=\"0\" allow=\"accelerometer; autoplay; clipboard-write; encrypted-media; gyroscope; picture-in-picture; web-share\" referrerpolicy=\"strict-origin-when-cross-origin\" allowfullscreen><\/iframe>\n<\/div><\/figure>\n\n\n\n<figure class=\"wp-block-embed is-type-video is-provider-youtube wp-block-embed-youtube wp-embed-aspect-16-9 wp-has-aspect-ratio\"><div class=\"wp-block-embed__wrapper\">\n<iframe title=\"\u00c7OK DE\u011eERL\u0130 MANTIK 1 | Prof. Dr. \u015eafak Ural\" width=\"960\" height=\"540\" src=\"https:\/\/www.youtube.com\/embed\/2MoucLNH4LI?feature=oembed\" frameborder=\"0\" allow=\"accelerometer; autoplay; clipboard-write; encrypted-media; gyroscope; picture-in-picture; web-share\" referrerpolicy=\"strict-origin-when-cross-origin\" allowfullscreen><\/iframe>\n<\/div><\/figure>\n\n\n\n<figure class=\"wp-block-embed is-type-video is-provider-youtube wp-block-embed-youtube wp-embed-aspect-16-9 wp-has-aspect-ratio\"><div class=\"wp-block-embed__wrapper\">\n<iframe title=\"Bilim ve Ahlak-Prof.  Dr. \u015eafak Ural, Deniz Akg\u00fcl, Yusuf \u0130slam BOLAT\" width=\"960\" height=\"540\" src=\"https:\/\/www.youtube.com\/embed\/L7kfazZ1cms?feature=oembed\" frameborder=\"0\" allow=\"accelerometer; autoplay; clipboard-write; encrypted-media; gyroscope; picture-in-picture; web-share\" referrerpolicy=\"strict-origin-when-cross-origin\" allowfullscreen><\/iframe>\n<\/div><\/figure>\n\n\n\n<figure class=\"wp-block-embed is-type-video is-provider-youtube wp-block-embed-youtube wp-embed-aspect-16-9 wp-has-aspect-ratio\"><div class=\"wp-block-embed__wrapper\">\n<iframe title=\"B\u0130AD FELSEFE SEM\u0130NER\u0130 B\u00d6L\u00dcM 02 Prof Dr  \u015eAFAK URAL\" width=\"960\" height=\"540\" src=\"https:\/\/www.youtube.com\/embed\/3FqQk8hAl30?feature=oembed\" frameborder=\"0\" allow=\"accelerometer; autoplay; clipboard-write; encrypted-media; gyroscope; picture-in-picture; web-share\" referrerpolicy=\"strict-origin-when-cross-origin\" allowfullscreen><\/iframe>\n<\/div><\/figure>\n\n\n\n<figure class=\"wp-block-embed is-type-video is-provider-youtube wp-block-embed-youtube wp-embed-aspect-16-9 wp-has-aspect-ratio\"><div class=\"wp-block-embed__wrapper\">\n<iframe title=\"100. YILDA FELSEFEN\u0130N D\u0130\u011eER ALANLARI || Prof. Dr. \u015eAFAK URAL - Do\u00e7. Dr. SERDAR SAYGILI\" width=\"960\" height=\"540\" src=\"https:\/\/www.youtube.com\/embed\/kUp3ygtXvpY?feature=oembed\" frameborder=\"0\" allow=\"accelerometer; autoplay; clipboard-write; encrypted-media; gyroscope; picture-in-picture; web-share\" referrerpolicy=\"strict-origin-when-cross-origin\" allowfullscreen><\/iframe>\n<\/div><\/figure>\n\n\n\n<figure class=\"wp-block-embed is-type-video is-provider-youtube wp-block-embed-youtube wp-embed-aspect-16-9 wp-has-aspect-ratio\"><div class=\"wp-block-embed__wrapper\">\n<iframe title=\"D\u0130L VE D\u00dc\u015e\u00dcNCE- S\u00d6Z\u00dcN \u00d6TES\u0130, \u015eAFAK URAL\" width=\"960\" height=\"540\" src=\"https:\/\/www.youtube.com\/embed\/Ou1eCMZyCTM?feature=oembed\" frameborder=\"0\" allow=\"accelerometer; autoplay; clipboard-write; encrypted-media; gyroscope; picture-in-picture; web-share\" referrerpolicy=\"strict-origin-when-cross-origin\" allowfullscreen><\/iframe>\n<\/div><\/figure>\n\n\n\n<figure class=\"wp-block-embed is-type-video is-provider-youtube wp-block-embed-youtube wp-embed-aspect-16-9 wp-has-aspect-ratio\"><div class=\"wp-block-embed__wrapper\">\n<iframe title=\"Ay\u015fe Sucu ile \u0130nsana Dair 52.B\u00f6l\u00fcm - Prof. Dr. \u015eafak Ural\" width=\"960\" height=\"540\" src=\"https:\/\/www.youtube.com\/embed\/RDpIWeoUmw8?feature=oembed\" frameborder=\"0\" allow=\"accelerometer; autoplay; clipboard-write; encrypted-media; gyroscope; picture-in-picture; web-share\" referrerpolicy=\"strict-origin-when-cross-origin\" allowfullscreen><\/iframe>\n<\/div><\/figure>\n\n\n\n<figure class=\"wp-block-embed is-type-video is-provider-youtube wp-block-embed-youtube wp-embed-aspect-16-9 wp-has-aspect-ratio\"><div class=\"wp-block-embed__wrapper\">\n<iframe title=\"Prof. Dr. Teoman Dural\u0131&#039;y\u0131 Anma Toplant\u0131s\u0131 -Prof. Dr. \u015eafak Ural- Prof. Dr. Halil Rahman A\u00e7ar-\" width=\"960\" height=\"540\" src=\"https:\/\/www.youtube.com\/embed\/_UOE5ED6pI4?feature=oembed\" frameborder=\"0\" allow=\"accelerometer; autoplay; clipboard-write; encrypted-media; gyroscope; picture-in-picture; web-share\" referrerpolicy=\"strict-origin-when-cross-origin\" allowfullscreen><\/iframe>\n<\/div><\/figure>\n\n\n\n<figure class=\"wp-block-embed is-type-video is-provider-youtube wp-block-embed-youtube wp-embed-aspect-16-9 wp-has-aspect-ratio\"><div class=\"wp-block-embed__wrapper\">\n<iframe title=\"Felsefi Dan\u0131\u015fmanl\u0131k \u00c7al\u0131\u015ftay\u0131 | \u015eafak Ural | RASYONEL D\u00dc\u015e\u00dcNCEN\u0130N G\u00dcC\u00dc: FELSEF\u0130 DANI\u015eMANLIK ve MANTIK\" width=\"960\" height=\"540\" src=\"https:\/\/www.youtube.com\/embed\/hI-SEjPrRvw?feature=oembed\" frameborder=\"0\" allow=\"accelerometer; autoplay; clipboard-write; encrypted-media; gyroscope; picture-in-picture; web-share\" referrerpolicy=\"strict-origin-when-cross-origin\" allowfullscreen><\/iframe>\n<\/div><\/figure>\n\n\n\n<figure class=\"wp-block-embed is-type-video is-provider-youtube wp-block-embed-youtube wp-embed-aspect-16-9 wp-has-aspect-ratio\"><div class=\"wp-block-embed__wrapper\">\n<iframe title=\"Prof. Dr. \u015eafak Ural ve Do\u00e7. Dr. \u00d6zg\u00fcr Akarsu | Okan Bay\u00fclgen ile Muhabbet Kral\u0131\" width=\"960\" height=\"540\" src=\"https:\/\/www.youtube.com\/embed\/Z3Kz2yNX57Q?feature=oembed\" frameborder=\"0\" allow=\"accelerometer; autoplay; clipboard-write; encrypted-media; gyroscope; picture-in-picture; web-share\" referrerpolicy=\"strict-origin-when-cross-origin\" allowfullscreen><\/iframe>\n<\/div><\/figure>\n\n\n\n<figure class=\"wp-block-embed is-type-video is-provider-youtube wp-block-embed-youtube wp-embed-aspect-16-9 wp-has-aspect-ratio\"><div class=\"wp-block-embed__wrapper\">\n<iframe title=\"2. Uluslararas\u0131 Do\u011fa BAP \u00d6\u011frenci Konferans\u0131 - Prof. Dr. \u015eafak Ural\" width=\"960\" height=\"540\" src=\"https:\/\/www.youtube.com\/embed\/LojzC2mPc7A?feature=oembed\" frameborder=\"0\" allow=\"accelerometer; autoplay; clipboard-write; encrypted-media; gyroscope; picture-in-picture; web-share\" referrerpolicy=\"strict-origin-when-cross-origin\" allowfullscreen><\/iframe>\n<\/div><\/figure>\n\n\n\n<figure class=\"wp-block-embed is-type-video is-provider-youtube wp-block-embed-youtube wp-embed-aspect-16-9 wp-has-aspect-ratio\"><div class=\"wp-block-embed__wrapper\">\n<iframe title=\"D\u00fcnya Mant\u0131k G\u00fcn\u00fc Dolay\u0131s\u0131yla Mant\u0131k S\u00f6yle\u015fisi, \u015eafak Ural\" width=\"960\" height=\"540\" src=\"https:\/\/www.youtube.com\/embed\/3nPRL4pENW4?feature=oembed\" frameborder=\"0\" allow=\"accelerometer; autoplay; clipboard-write; encrypted-media; gyroscope; picture-in-picture; web-share\" referrerpolicy=\"strict-origin-when-cross-origin\" allowfullscreen><\/iframe>\n<\/div><\/figure>\n\n\n\n<figure class=\"wp-block-embed is-type-video is-provider-youtube wp-block-embed-youtube wp-embed-aspect-16-9 wp-has-aspect-ratio\"><div class=\"wp-block-embed__wrapper\">\n<iframe title=\"LUKASIEWICZ-TARSK\u0130 NOTASYONU 1 | Prof. Dr. \u015eafak Ural\" width=\"960\" height=\"540\" src=\"https:\/\/www.youtube.com\/embed\/fj5qhEtvOj0?feature=oembed\" frameborder=\"0\" allow=\"accelerometer; autoplay; clipboard-write; encrypted-media; gyroscope; picture-in-picture; web-share\" referrerpolicy=\"strict-origin-when-cross-origin\" allowfullscreen><\/iframe>\n<\/div><\/figure>\n\n\n\n<figure class=\"wp-block-embed is-type-video is-provider-youtube wp-block-embed-youtube wp-embed-aspect-16-9 wp-has-aspect-ratio\"><div class=\"wp-block-embed__wrapper\">\n<iframe title=\"Okan Bay\u00fclgen ile Muhabbet Kral\u0131 - 13 Mart 2020 - Evrenin Gelece\u011fi\" width=\"960\" height=\"540\" src=\"https:\/\/www.youtube.com\/embed\/BlJXwZHW3EE?feature=oembed\" frameborder=\"0\" allow=\"accelerometer; autoplay; clipboard-write; encrypted-media; gyroscope; picture-in-picture; web-share\" referrerpolicy=\"strict-origin-when-cross-origin\" allowfullscreen><\/iframe>\n<\/div><\/figure>\n\n\n\n<figure class=\"wp-block-embed is-type-video is-provider-youtube wp-block-embed-youtube wp-embed-aspect-16-9 wp-has-aspect-ratio\"><div class=\"wp-block-embed__wrapper\">\n<iframe title=\"Fizik ve Felsefenin Ara Kesiti \u00dczerine\u00a0Notlar | Prof. Dr. \u015eafak URAL\" width=\"960\" height=\"540\" src=\"https:\/\/www.youtube.com\/embed\/RUkd7nRUxLU?feature=oembed\" frameborder=\"0\" allow=\"accelerometer; autoplay; clipboard-write; encrypted-media; gyroscope; picture-in-picture; web-share\" referrerpolicy=\"strict-origin-when-cross-origin\" allowfullscreen><\/iframe>\n<\/div><\/figure>\n\n\n\n<p><a href=\"https:\/\/youtu.be\/P5B0orZmgsQ?si=eWRmIyge-MohN4wZ\">https:\/\/youtu.be\/P5B0orZmgsQ?si=eWRmIyge-MohN4wZ<\/a><\/p>\n\n\n\n<figure class=\"wp-block-embed is-type-video is-provider-youtube wp-block-embed-youtube wp-embed-aspect-16-9 wp-has-aspect-ratio\"><div class=\"wp-block-embed__wrapper\">\n<iframe title=\"Aristoteles\u00e7i Mant\u0131k Anlay\u0131\u015f\u0131... Prof. Hayri \u015eafak Ural\" width=\"960\" height=\"540\" src=\"https:\/\/www.youtube.com\/embed\/R2OL1v_XOJU?feature=oembed\" frameborder=\"0\" allow=\"accelerometer; autoplay; clipboard-write; encrypted-media; gyroscope; picture-in-picture; web-share\" referrerpolicy=\"strict-origin-when-cross-origin\" allowfullscreen><\/iframe>\n<\/div><\/figure>\n\n\n\n<p><\/p>\n","protected":false},"excerpt":{"rendered":"<p>https:\/\/youtu.be\/P5B0orZmgsQ?si=eWRmIyge-MohN4wZ<\/p>\n","protected":false},"author":2,"featured_media":0,"parent":0,"menu_order":0,"comment_status":"closed","ping_status":"closed","template":"","meta":{"footnotes":""},"class_list":["post-26","page","type-page","status-publish","hentry"],"_links":{"self":[{"href":"https:\/\/www.safakural.com\/index.php\/wp-json\/wp\/v2\/pages\/26","targetHints":{"allow":["GET"]}}],"collection":[{"href":"https:\/\/www.safakural.com\/index.php\/wp-json\/wp\/v2\/pages"}],"about":[{"href":"https:\/\/www.safakural.com\/index.php\/wp-json\/wp\/v2\/types\/page"}],"author":[{"embeddable":true,"href":"https:\/\/www.safakural.com\/index.php\/wp-json\/wp\/v2\/users\/2"}],"replies":[{"embeddable":true,"href":"https:\/\/www.safakural.com\/index.php\/wp-json\/wp\/v2\/comments?post=26"}],"version-history":[{"count":0,"href":"https:\/\/www.safakural.com\/index.php\/wp-json\/wp\/v2\/pages\/26\/revisions"}],"wp:attachment":[{"href":"https:\/\/www.safakural.com\/index.php\/wp-json\/wp\/v2\/media?parent=26"}],"curies":[{"name":"wp","href":"https:\/\/api.w.org\/{rel}","templated":true}]}}